{"id":24,"date":"2019-03-06T16:15:51","date_gmt":"2019-03-06T16:15:51","guid":{"rendered":"http:\/\/landpensionbocka.de\/?page_id=24"},"modified":"2019-09-05T11:51:29","modified_gmt":"2019-09-05T11:51:29","slug":"home","status":"publish","type":"page","link":"https:\/\/landpensionbocka.de\/en\/","title":{"rendered":"Home"},"content":{"rendered":"<div class=\"fw-main-row\" style=\"\" >\r\n\t<div class=\"fw-container-fluid pd-zero\">\r\n\t\t<div class=\"fw-row\">\n\t<div class=\"fw-col-xs-12\">\n\t    <div class=\"slider-area\">\r\n        <div class=\"pogoSlider\">\r\n                        <div class=\"pogoSlider-slide overlay-color\" data-transition=\"fade\" data-duration=\"1000\" style=\"background-image:url(\/\/landpensionbocka.de\/wp-content\/uploads\/2019\/03\/header_slider.jpg);\">\r\n                <div class=\"container-slider one\">                    \r\n                    <div class=\"row\">\r\n                        <div class=\"col-md-12\">\r\n                            <div class=\"slider-text-content\">\r\n                                                                <h3 class=\"pogoSlider-slide-element\" data-in=\"slideDown\" data-out=\"slideUp\" data-duration=\"500\" data-delay=\"500\">Landpension Bocka<\/h3>\r\n                                                                <h2 class=\"pogoSlider-slide-element\" data-in=\"slide-left\" data-out=\"slideUp\" data-duration=\"500\" data-delay=\"500\">Willkommen!<\/h2>\r\n                                                                <p class=\"pogoSlider-slide-element\" data-in=\"slideDown\" data-out=\"slideUp\" data-duration=\"500\" data-delay=\"500\">Entspannen Sie bei gem\u00fctlichen Ambiente im Altenburger Land. Wir bieten Ferienwohnungen sowie Doppelzimmer mit Balkonen \/ Terrassen und einem gepflegten Garten mit Grillm\u00f6glichkeiten und Lagerfeuer.<\/p>\r\n                                                            <\/div><!-- \/.text-content -->\r\n                        <\/div><!-- \/.col-md-12 -->\r\n                    <\/div><!-- \/.row -->\r\n                <\/div><!-- \/.container-slider -->\r\n            <\/div>\r\n                <\/div><!-- .pogoSlider -->\r\n    <\/div><!-- \/.slider-area container-fluid -->\r\n\r\n    <\/div>\n<\/div>\n\n<div class=\"fw-row\">\n\t<div class=\"fw-col-xs-12\">\n\t<div class=\"call-to-action style-two transfarent-white-bg\"  style = 'background: #81d742;background: -moz-linear-gradient(left, #81d742 0%, #1e73be 100%);background: -webkit-linear-gradient(left, #81d742 0%, #1e73be 100%);background: linear-gradient(to right, #81d742 0%, #1e73be 100%);' >\r\n    <div class=\"container\">\r\n        <div class=\"row tb\">\r\n            <div class=\"col-md-6 tb-cell\">\r\n                <div class=\"contact-left-content\">\r\n                                            <h3 style=\"color: #ffffff\">Sie m\u00f6chten eine  Ferienwohnung bei uns buchen?<\/h3>\r\n                                            <h4>Dann rufen Sie uns an oder schreiben Sie uns.<\/h4>\r\n                                    <\/div><!-- \/.left-content -->\r\n            <\/div><!-- \/.col-md-6 -->\r\n            <div class=\"col-md-6 tb-cell\">\r\n                <div class=\"contact-right-content\">\r\n                    <div class=\"row\">\r\n                        <div class=\"col-md-6\">\r\n                            <div class=\"contact-left\">\r\n                                                                    <h4 style=\"color: #ffffff\"><a href=\"tel:03447 849319\">03447 849319<\/a><\/h4>\r\n                                                                    <h4 style=\"color: #ffffff\">\r\n                                        <a href=\"mailto:info@kreutzer-zimmervermietung.de\"><span>info@kreutzer-zimmervermietung.de<\/span><\/a>\r\n                                    <\/h4>\r\n                                                            <\/div><!-- \/.contact -->\r\n                        <\/div><!-- \/.col-md-6 -->\r\n                        <div class=\"col-md-6\">\r\n                            <div class=\"contact\">\r\n                                                                    <a class=\"call-to-action-btn\" style=\"background-color: #eca01c\" href=\"\/en\/kontakt\/\">KONTAKT<\/a>\r\n                                                            <\/div><!-- \/.contact-tight -->\r\n                        <\/div><!-- \/.col-md-6 -->\r\n                    <\/div><!-- \/.row -->\r\n                <\/div><!-- \/.right-content -->\r\n            <\/div><!-- \/.col-md-6 -->\r\n        <\/div><!-- \/.row -->\r\n    <\/div><!-- \/.container -->\r\n<\/div><!-- \/.slider-bottom-area -->\r\n<\/div>\n<\/div>\n\n<div class=\"fw-row\">\n\t<div class=\"fw-col-xs-12\">\n\t<div class=\"container\"><div class=\"row\"><div class=\"col-md-12\"><div class=\"heading-content-one about-startseite\"><h2 class=\"title\">Lernen Sie uns kennen<\/h2><\/div><p><!-- \/.heading-content --><\/p><\/div><div class=\"col-md-12\"><div class=\"tab-content\"><div id=\"unique_1_1\" class=\"tab-pane fade active in\" role=\"tabpanel\"><div class=\"col-xs-12 col-md-6\"><div class=\"text-content\"><p>In der Landpension Bocka stehen Ihnen zwei Ferienwohnungen f\u00fcr bis zu 4 Personen sowie ein Doppelzimmer zur Verf\u00fcgung. Sie wohnen in einer landlichen Umgebung, ca. 7 km vom Zentrum der Skatstadt Altenburg entfernt (10 Minuten mit dem Auto). Au\u00dferdem sind Ortschaften wie Windischleuba,\u00a0 Nobitz, Treben, Frohburg und Kohren-Sahlis in der N\u00e4he.<\/p><p>Zur Verpflegung geh\u00f6rt bei uns auf Wunsch ein Fr\u00fchst\u00fcck mit knusprigen Br\u00f6tchen und frischen Eiern vom Bauern. Dazu gibt es Kaffee, Tee oder Fruchtsaft, sowie K\u00e4se und Wurst und Marmelade. W\u00e4hrend Ihres Aufenthaltes stehen Ihnen jederzeit Snacks wie Knabbergeb\u00e4ck, Schokolade sowie alkoholfreie Getr\u00e4nke \/ Wasser und Bier, Wein und Sekt zu fairen Preisen zur Verf\u00fcgung.<\/p><p><strong>Eine Langzeitvermietung ist auf Anfrage m\u00f6glich!<\/strong><\/p><\/div><p><!-- \/.text-content --><\/p><\/div><p><!-- \/.col-md-6 --><\/p><div class=\"col-xs-12 col-md-6\"><div class=\"image-content\"><img decoding=\"async\" src=\"http:\/\/landpensionbocka.de\/wp-content\/uploads\/2019\/03\/fh_aussen2-443x334.jpg\" alt=\"\u00dcber uns \" \/><\/div><p><!-- \/.text-content --><\/p><\/div><p><!-- \/.col-md-6 --><\/p><\/div><p><!-- \/.home --><\/p><\/div><p><!-- \/.tab-content --><\/p><\/div><p><!-- \/.col-md-10 --><\/p><\/div><\/div><\/div>\n<\/div>\n\n\t<\/div>\r\n<\/div>","protected":false},"excerpt":{"rendered":"<p>Landpension Bocka Willkommen! Entspannen Sie bei gem\u00fctlichen Ambiente im Altenburger Land. Wir bieten Ferienwohnungen sowie Doppelzimmer mit Balkonen \/ Terrassen und einem gepflegten Garten mit Grillm\u00f6glichkeiten und Lagerfeuer. Sie m\u00f6chten eine Ferienwohnung bei uns buchen? Dann rufen Sie uns an oder schreiben Sie uns. 03447 849319 info@kreutzer-zimmervermietung.de KONTAKT Lernen Sie uns kennenIn der Landpension Bocka&#8230; <\/p>\n<p><span class=\"read-more\"><a href=\"https:\/\/landpensionbocka.de\/en\/\" class=\"more-link\">Continue Reading <i class=\"fa fa-long-arrow-right\"><\/i><\/a><\/span><\/p>","protected":false},"author":1,"featured_media":0,"parent":0,"menu_order":0,"comment_status":"closed","ping_status":"closed","template":"","meta":{"footnotes":""},"class_list":["post-24","page","type-page","status-publish","hentry"],"yoast_head":"<!-- This site is optimized with the Yoast SEO plugin v26.9 - https:\/\/yoast.com\/product\/yoast-seo-wordpress\/ -->\n<title>Landpension Bocka: Ferienwohnung in Windischleuba, Altenburg, Nobitz<\/title>\n<meta name=\"description\" content=\"Ferienwohnung, Pension, Bocka, Windischleuba, Altenburg, Nobitz, Treben, Frohburg, Kohren-Sahlis, \u00fcbernachten, \u00fcbernachten in Altenburg\" \/>\n<meta name=\"robots\" content=\"index, follow, max-snippet:-1, max-image-preview:large, max-video-preview:-1\" \/>\n<link rel=\"canonical\" href=\"https:\/\/landpensionbocka.de\/en\/\" \/>\n<meta property=\"og:locale\" content=\"en_GB\" \/>\n<meta property=\"og:type\" content=\"article\" \/>\n<meta property=\"og:title\" content=\"Landpension Bocka: Ferienwohnung in Windischleuba, Altenburg, Nobitz\" \/>\n<meta property=\"og:description\" content=\"Ferienwohnung, Pension, Bocka, Windischleuba, Altenburg, Nobitz, Treben, Frohburg, Kohren-Sahlis, \u00fcbernachten, \u00fcbernachten in Altenburg\" \/>\n<meta property=\"og:url\" content=\"https:\/\/landpensionbocka.de\/en\/\" \/>\n<meta property=\"og:site_name\" content=\"Landpension Bocka\" \/>\n<meta property=\"article:modified_time\" content=\"2019-09-05T11:51:29+00:00\" \/>\n<meta property=\"og:image\" content=\"http:\/\/landpensionbocka.de\/wp-content\/uploads\/2019\/03\/fh_aussen2-443x334.jpg\" \/>\n<meta name=\"twitter:card\" content=\"summary_large_image\" \/>\n<meta name=\"twitter:label1\" content=\"Estimated reading time\" \/>\n\t<meta name=\"twitter:data1\" content=\"1 minute\" \/>\n<script type=\"application\/ld+json\" class=\"yoast-schema-graph\">{\"@context\":\"https:\/\/schema.org\",\"@graph\":[{\"@type\":\"WebPage\",\"@id\":\"https:\/\/landpensionbocka.de\/\",\"url\":\"https:\/\/landpensionbocka.de\/\",\"name\":\"Landpension Bocka: Ferienwohnung in Windischleuba, Altenburg, Nobitz\",\"isPartOf\":{\"@id\":\"https:\/\/landpensionbocka.de\/#website\"},\"primaryImageOfPage\":{\"@id\":\"https:\/\/landpensionbocka.de\/#primaryimage\"},\"image\":{\"@id\":\"https:\/\/landpensionbocka.de\/#primaryimage\"},\"thumbnailUrl\":\"http:\/\/landpensionbocka.de\/wp-content\/uploads\/2019\/03\/fh_aussen2-443x334.jpg\",\"datePublished\":\"2019-03-06T16:15:51+00:00\",\"dateModified\":\"2019-09-05T11:51:29+00:00\",\"description\":\"Ferienwohnung, Pension, Bocka, Windischleuba, Altenburg, Nobitz, Treben, Frohburg, Kohren-Sahlis, \u00fcbernachten, \u00fcbernachten in Altenburg\",\"breadcrumb\":{\"@id\":\"https:\/\/landpensionbocka.de\/#breadcrumb\"},\"inLanguage\":\"en-GB\",\"potentialAction\":[{\"@type\":\"ReadAction\",\"target\":[\"https:\/\/landpensionbocka.de\/\"]}]},{\"@type\":\"ImageObject\",\"inLanguage\":\"en-GB\",\"@id\":\"https:\/\/landpensionbocka.de\/#primaryimage\",\"url\":\"http:\/\/landpensionbocka.de\/wp-content\/uploads\/2019\/03\/fh_aussen2-443x334.jpg\",\"contentUrl\":\"http:\/\/landpensionbocka.de\/wp-content\/uploads\/2019\/03\/fh_aussen2-443x334.jpg\"},{\"@type\":\"BreadcrumbList\",\"@id\":\"https:\/\/landpensionbocka.de\/#breadcrumb\",\"itemListElement\":[{\"@type\":\"ListItem\",\"position\":1,\"name\":\"Startseite\",\"item\":\"https:\/\/landpensionbocka.de\/\"},{\"@type\":\"ListItem\",\"position\":2,\"name\":\"Home\"}]},{\"@type\":\"WebSite\",\"@id\":\"https:\/\/landpensionbocka.de\/#website\",\"url\":\"https:\/\/landpensionbocka.de\/\",\"name\":\"Landpension Bocka\",\"description\":\"Entspannen Sie bei gem\u00fctlichen Ambiente im Altenburger Land.\",\"potentialAction\":[{\"@type\":\"SearchAction\",\"target\":{\"@type\":\"EntryPoint\",\"urlTemplate\":\"https:\/\/landpensionbocka.de\/?s={search_term_string}\"},\"query-input\":{\"@type\":\"PropertyValueSpecification\",\"valueRequired\":true,\"valueName\":\"search_term_string\"}}],\"inLanguage\":\"en-GB\"}]}<\/script>\n<!-- \/ Yoast SEO plugin. -->","yoast_head_json":{"title":"Landpension Bocka: Ferienwohnung in Windischleuba, Altenburg, Nobitz","description":"Ferienwohnung, Pension, Bocka, Windischleuba, Altenburg, Nobitz, Treben, Frohburg, Kohren-Sahlis, \u00fcbernachten, \u00fcbernachten in Altenburg","robots":{"index":"index","follow":"follow","max-snippet":"max-snippet:-1","max-image-preview":"max-image-preview:large","max-video-preview":"max-video-preview:-1"},"canonical":"https:\/\/landpensionbocka.de\/en\/","og_locale":"en_GB","og_type":"article","og_title":"Landpension Bocka: Ferienwohnung in Windischleuba, Altenburg, Nobitz","og_description":"Ferienwohnung, Pension, Bocka, Windischleuba, Altenburg, Nobitz, Treben, Frohburg, Kohren-Sahlis, \u00fcbernachten, \u00fcbernachten in Altenburg","og_url":"https:\/\/landpensionbocka.de\/en\/","og_site_name":"Landpension Bocka","article_modified_time":"2019-09-05T11:51:29+00:00","og_image":[{"url":"http:\/\/landpensionbocka.de\/wp-content\/uploads\/2019\/03\/fh_aussen2-443x334.jpg","type":"","width":"","height":""}],"twitter_card":"summary_large_image","twitter_misc":{"Estimated reading time":"1 minute"},"schema":{"@context":"https:\/\/schema.org","@graph":[{"@type":"WebPage","@id":"https:\/\/landpensionbocka.de\/","url":"https:\/\/landpensionbocka.de\/","name":"Landpension Bocka: Ferienwohnung in Windischleuba, Altenburg, Nobitz","isPartOf":{"@id":"https:\/\/landpensionbocka.de\/#website"},"primaryImageOfPage":{"@id":"https:\/\/landpensionbocka.de\/#primaryimage"},"image":{"@id":"https:\/\/landpensionbocka.de\/#primaryimage"},"thumbnailUrl":"http:\/\/landpensionbocka.de\/wp-content\/uploads\/2019\/03\/fh_aussen2-443x334.jpg","datePublished":"2019-03-06T16:15:51+00:00","dateModified":"2019-09-05T11:51:29+00:00","description":"Ferienwohnung, Pension, Bocka, Windischleuba, Altenburg, Nobitz, Treben, Frohburg, Kohren-Sahlis, \u00fcbernachten, \u00fcbernachten in Altenburg","breadcrumb":{"@id":"https:\/\/landpensionbocka.de\/#breadcrumb"},"inLanguage":"en-GB","potentialAction":[{"@type":"ReadAction","target":["https:\/\/landpensionbocka.de\/"]}]},{"@type":"ImageObject","inLanguage":"en-GB","@id":"https:\/\/landpensionbocka.de\/#primaryimage","url":"http:\/\/landpensionbocka.de\/wp-content\/uploads\/2019\/03\/fh_aussen2-443x334.jpg","contentUrl":"http:\/\/landpensionbocka.de\/wp-content\/uploads\/2019\/03\/fh_aussen2-443x334.jpg"},{"@type":"BreadcrumbList","@id":"https:\/\/landpensionbocka.de\/#breadcrumb","itemListElement":[{"@type":"ListItem","position":1,"name":"Startseite","item":"https:\/\/landpensionbocka.de\/"},{"@type":"ListItem","position":2,"name":"Home"}]},{"@type":"WebSite","@id":"https:\/\/landpensionbocka.de\/#website","url":"https:\/\/landpensionbocka.de\/","name":"Landpension Bocka","description":"Entspannen Sie bei gem\u00fctlichen Ambiente im Altenburger Land.","potentialAction":[{"@type":"SearchAction","target":{"@type":"EntryPoint","urlTemplate":"https:\/\/landpensionbocka.de\/?s={search_term_string}"},"query-input":{"@type":"PropertyValueSpecification","valueRequired":true,"valueName":"search_term_string"}}],"inLanguage":"en-GB"}]}},"brizy_media":[],"_links":{"self":[{"href":"https:\/\/landpensionbocka.de\/en\/wp-json\/wp\/v2\/pages\/24","targetHints":{"allow":["GET"]}}],"collection":[{"href":"https:\/\/landpensionbocka.de\/en\/wp-json\/wp\/v2\/pages"}],"about":[{"href":"https:\/\/landpensionbocka.de\/en\/wp-json\/wp\/v2\/types\/page"}],"author":[{"embeddable":true,"href":"https:\/\/landpensionbocka.de\/en\/wp-json\/wp\/v2\/users\/1"}],"replies":[{"embeddable":true,"href":"https:\/\/landpensionbocka.de\/en\/wp-json\/wp\/v2\/comments?post=24"}],"version-history":[{"count":43,"href":"https:\/\/landpensionbocka.de\/en\/wp-json\/wp\/v2\/pages\/24\/revisions"}],"predecessor-version":[{"id":391,"href":"https:\/\/landpensionbocka.de\/en\/wp-json\/wp\/v2\/pages\/24\/revisions\/391"}],"wp:attachment":[{"href":"https:\/\/landpensionbocka.de\/en\/wp-json\/wp\/v2\/media?parent=24"}],"curies":[{"name":"wp","href":"https:\/\/api.w.org\/{rel}","templated":true}]}}