{"id":302,"date":"2019-03-14T19:42:02","date_gmt":"2019-03-14T19:42:02","guid":{"rendered":"http:\/\/landpensionbocka.de\/?page_id=302"},"modified":"2026-02-12T15:42:06","modified_gmt":"2026-02-12T15:42:06","slug":"preise","status":"publish","type":"page","link":"https:\/\/landpensionbocka.de\/en\/preise\/","title":{"rendered":"Preise"},"content":{"rendered":"<div class=\"fw-main-row\" style=\"\" >\r\n\t<div class=\"fw-container\">\r\n\t\t<div class=\"fw-row\">\n\t<div class=\"fw-col-xs-12\">\n\t<div class=\"page-builder-content\"><div class=\"fw-page-builder-content\"><div class=\"fw-main-row\"><div class=\"fw-container\"><div class=\"row\"><div class=\"fw-col-xs-12\"><div class=\"fw-heading fw-heading-h2 price-title\"><h2 class=\"fw-special-title\">Details<\/h2><\/div><\/div><div class=\"fw-col-xs-12 fw-col-sm-8 placer\"><ul><li>gem\u00fctliches Ambiente<\/li><li>Lagerfeuer<\/li><li>gro\u00dfe Balkone | Terrassen<\/li><li>gepflegter Garten mit Grillm\u00f6glichkeiten<\/li><\/ul><\/div><div class=\"fw-col-xs-12\"><div class=\"fw-heading fw-heading-h2\"><h2 class=\"fw-special-title price-title\">Preise<\/h2><\/div><\/div><\/div><div class=\"fw-row\"><div class=\"fw-col-xs-12 fw-col-sm-8\"><div class=\"fw-table\"><table class=\"table-price\"><thead><tr class=\"heading-row\"><td class=\"default-col first width=\"><div><\/div><\/td><td class=\"default-col last\"><div>1 - 2 Personen<\/div><\/td><td class=\"default-col last\"><div>1 - 4 Personen<\/div><\/td><\/tr><\/thead><tbody><tr class=\"default-row\"><td class=\"default-col\">Einzelbelegung<\/td><td class=\"default-col\">45,- \u20ac<\/td><td class=\"default-col\">55,- \u20ac<\/td><\/tr><tr class=\"default-row odd\"><td class=\"default-col\">Doppelbelegung<\/td><td class=\"default-col\">55,- \u20ac<\/td><td class=\"default-col\">75,- \u20ac<\/td><\/tr><tr class=\"default-row\"><td class=\"default-col\">jede weitere Person<\/td><td class=\"default-col\"><\/td><td class=\"default-col\">15,- \u20ac<\/td><\/tr><tr class=\"default-row odd\"><td class=\"default-col\">Kapazit\u00e4ten<\/td><td class=\"default-col\">1 Doppelzimmer<\/td><td class=\"default-col\">2 Ferienwohnungen<\/td><\/tr><\/tbody><\/table><\/div><\/div><div class=\"fw-col-xs-12 fw-col-sm-4\"><img decoding=\"async\" class=\"img-responsive\" src=\"http:\/\/landpensionbocka.de\/wp-content\/uploads\/2019\/03\/fh_whg_13.jpg\" alt=\"http:\/\/landpensionbocka.de\/wp-content\/uploads\/2019\/03\/fh_whg_13-300x200.jpg\" \/><\/div><\/div><\/div><\/div><\/div><\/div><\/div>\n<\/div>\n\n\t<\/div>\r\n<\/div>","protected":false},"excerpt":{"rendered":"<p>Detailsgem\u00fctliches AmbienteLagerfeuergro\u00dfe Balkone | Terrassengepflegter Garten mit Grillm\u00f6glichkeitenPreise1 &#8211; 2 Personen1 &#8211; 4 PersonenEinzelbelegung45,- \u20ac55,- \u20acDoppelbelegung55,- \u20ac75,- \u20acjede weitere Person15,- \u20acKapazit\u00e4ten1 Doppelzimmer2 Ferienwohnungen<\/p>","protected":false},"author":1,"featured_media":0,"parent":0,"menu_order":0,"comment_status":"closed","ping_status":"closed","template":"","meta":{"footnotes":""},"class_list":["post-302","page","type-page","status-publish","hentry"],"yoast_head":"<!-- This site is optimized with the Yoast SEO plugin v26.9 - https:\/\/yoast.com\/product\/yoast-seo-wordpress\/ -->\n<title>Preise - Landpension Bocka<\/title>\n<meta name=\"robots\" content=\"index, follow, max-snippet:-1, max-image-preview:large, max-video-preview:-1\" \/>\n<link rel=\"canonical\" href=\"https:\/\/landpensionbocka.de\/en\/preise\/\" \/>\n<meta property=\"og:locale\" content=\"en_GB\" \/>\n<meta property=\"og:type\" content=\"article\" \/>\n<meta property=\"og:title\" content=\"Preise - Landpension Bocka\" \/>\n<meta property=\"og:description\" content=\"Detailsgem\u00fctliches AmbienteLagerfeuergro\u00dfe Balkone | Terrassengepflegter Garten mit Grillm\u00f6glichkeitenPreise1 - 2 Personen1 - 4 PersonenEinzelbelegung45,- \u20ac55,- \u20acDoppelbelegung55,- \u20ac75,- \u20acjede weitere Person15,- \u20acKapazit\u00e4ten1 Doppelzimmer2 Ferienwohnungen\" \/>\n<meta property=\"og:url\" content=\"https:\/\/landpensionbocka.de\/en\/preise\/\" \/>\n<meta property=\"og:site_name\" content=\"Landpension Bocka\" \/>\n<meta property=\"article:modified_time\" content=\"2026-02-12T15:42:06+00:00\" \/>\n<meta property=\"og:image\" content=\"http:\/\/landpensionbocka.de\/wp-content\/uploads\/2019\/03\/fh_whg_13.jpg\" \/>\n<meta name=\"twitter:card\" content=\"summary_large_image\" \/>\n<script type=\"application\/ld+json\" class=\"yoast-schema-graph\">{\"@context\":\"https:\/\/schema.org\",\"@graph\":[{\"@type\":\"WebPage\",\"@id\":\"https:\/\/landpensionbocka.de\/preise\/\",\"url\":\"https:\/\/landpensionbocka.de\/preise\/\",\"name\":\"Preise - Landpension Bocka\",\"isPartOf\":{\"@id\":\"https:\/\/landpensionbocka.de\/#website\"},\"primaryImageOfPage\":{\"@id\":\"https:\/\/landpensionbocka.de\/preise\/#primaryimage\"},\"image\":{\"@id\":\"https:\/\/landpensionbocka.de\/preise\/#primaryimage\"},\"thumbnailUrl\":\"http:\/\/landpensionbocka.de\/wp-content\/uploads\/2019\/03\/fh_whg_13.jpg\",\"datePublished\":\"2019-03-14T19:42:02+00:00\",\"dateModified\":\"2026-02-12T15:42:06+00:00\",\"breadcrumb\":{\"@id\":\"https:\/\/landpensionbocka.de\/preise\/#breadcrumb\"},\"inLanguage\":\"en-GB\",\"potentialAction\":[{\"@type\":\"ReadAction\",\"target\":[\"https:\/\/landpensionbocka.de\/preise\/\"]}]},{\"@type\":\"ImageObject\",\"inLanguage\":\"en-GB\",\"@id\":\"https:\/\/landpensionbocka.de\/preise\/#primaryimage\",\"url\":\"http:\/\/landpensionbocka.de\/wp-content\/uploads\/2019\/03\/fh_whg_13.jpg\",\"contentUrl\":\"http:\/\/landpensionbocka.de\/wp-content\/uploads\/2019\/03\/fh_whg_13.jpg\"},{\"@type\":\"BreadcrumbList\",\"@id\":\"https:\/\/landpensionbocka.de\/preise\/#breadcrumb\",\"itemListElement\":[{\"@type\":\"ListItem\",\"position\":1,\"name\":\"Startseite\",\"item\":\"https:\/\/landpensionbocka.de\/\"},{\"@type\":\"ListItem\",\"position\":2,\"name\":\"Preise\"}]},{\"@type\":\"WebSite\",\"@id\":\"https:\/\/landpensionbocka.de\/#website\",\"url\":\"https:\/\/landpensionbocka.de\/\",\"name\":\"Landpension Bocka\",\"description\":\"Entspannen Sie bei gem\u00fctlichen Ambiente im Altenburger Land.\",\"potentialAction\":[{\"@type\":\"SearchAction\",\"target\":{\"@type\":\"EntryPoint\",\"urlTemplate\":\"https:\/\/landpensionbocka.de\/?s={search_term_string}\"},\"query-input\":{\"@type\":\"PropertyValueSpecification\",\"valueRequired\":true,\"valueName\":\"search_term_string\"}}],\"inLanguage\":\"en-GB\"}]}<\/script>\n<!-- \/ Yoast SEO plugin. -->","yoast_head_json":{"title":"Preise - Landpension Bocka","robots":{"index":"index","follow":"follow","max-snippet":"max-snippet:-1","max-image-preview":"max-image-preview:large","max-video-preview":"max-video-preview:-1"},"canonical":"https:\/\/landpensionbocka.de\/en\/preise\/","og_locale":"en_GB","og_type":"article","og_title":"Preise - Landpension Bocka","og_description":"Detailsgem\u00fctliches AmbienteLagerfeuergro\u00dfe Balkone | Terrassengepflegter Garten mit Grillm\u00f6glichkeitenPreise1 - 2 Personen1 - 4 PersonenEinzelbelegung45,- \u20ac55,- \u20acDoppelbelegung55,- \u20ac75,- \u20acjede weitere Person15,- \u20acKapazit\u00e4ten1 Doppelzimmer2 Ferienwohnungen","og_url":"https:\/\/landpensionbocka.de\/en\/preise\/","og_site_name":"Landpension Bocka","article_modified_time":"2026-02-12T15:42:06+00:00","og_image":[{"url":"http:\/\/landpensionbocka.de\/wp-content\/uploads\/2019\/03\/fh_whg_13.jpg","type":"","width":"","height":""}],"twitter_card":"summary_large_image","schema":{"@context":"https:\/\/schema.org","@graph":[{"@type":"WebPage","@id":"https:\/\/landpensionbocka.de\/preise\/","url":"https:\/\/landpensionbocka.de\/preise\/","name":"Preise - Landpension Bocka","isPartOf":{"@id":"https:\/\/landpensionbocka.de\/#website"},"primaryImageOfPage":{"@id":"https:\/\/landpensionbocka.de\/preise\/#primaryimage"},"image":{"@id":"https:\/\/landpensionbocka.de\/preise\/#primaryimage"},"thumbnailUrl":"http:\/\/landpensionbocka.de\/wp-content\/uploads\/2019\/03\/fh_whg_13.jpg","datePublished":"2019-03-14T19:42:02+00:00","dateModified":"2026-02-12T15:42:06+00:00","breadcrumb":{"@id":"https:\/\/landpensionbocka.de\/preise\/#breadcrumb"},"inLanguage":"en-GB","potentialAction":[{"@type":"ReadAction","target":["https:\/\/landpensionbocka.de\/preise\/"]}]},{"@type":"ImageObject","inLanguage":"en-GB","@id":"https:\/\/landpensionbocka.de\/preise\/#primaryimage","url":"http:\/\/landpensionbocka.de\/wp-content\/uploads\/2019\/03\/fh_whg_13.jpg","contentUrl":"http:\/\/landpensionbocka.de\/wp-content\/uploads\/2019\/03\/fh_whg_13.jpg"},{"@type":"BreadcrumbList","@id":"https:\/\/landpensionbocka.de\/preise\/#breadcrumb","itemListElement":[{"@type":"ListItem","position":1,"name":"Startseite","item":"https:\/\/landpensionbocka.de\/"},{"@type":"ListItem","position":2,"name":"Preise"}]},{"@type":"WebSite","@id":"https:\/\/landpensionbocka.de\/#website","url":"https:\/\/landpensionbocka.de\/","name":"Landpension Bocka","description":"Entspannen Sie bei gem\u00fctlichen Ambiente im Altenburger Land.","potentialAction":[{"@type":"SearchAction","target":{"@type":"EntryPoint","urlTemplate":"https:\/\/landpensionbocka.de\/?s={search_term_string}"},"query-input":{"@type":"PropertyValueSpecification","valueRequired":true,"valueName":"search_term_string"}}],"inLanguage":"en-GB"}]}},"brizy_media":[],"_links":{"self":[{"href":"https:\/\/landpensionbocka.de\/en\/wp-json\/wp\/v2\/pages\/302","targetHints":{"allow":["GET"]}}],"collection":[{"href":"https:\/\/landpensionbocka.de\/en\/wp-json\/wp\/v2\/pages"}],"about":[{"href":"https:\/\/landpensionbocka.de\/en\/wp-json\/wp\/v2\/types\/page"}],"author":[{"embeddable":true,"href":"https:\/\/landpensionbocka.de\/en\/wp-json\/wp\/v2\/users\/1"}],"replies":[{"embeddable":true,"href":"https:\/\/landpensionbocka.de\/en\/wp-json\/wp\/v2\/comments?post=302"}],"version-history":[{"count":31,"href":"https:\/\/landpensionbocka.de\/en\/wp-json\/wp\/v2\/pages\/302\/revisions"}],"predecessor-version":[{"id":402,"href":"https:\/\/landpensionbocka.de\/en\/wp-json\/wp\/v2\/pages\/302\/revisions\/402"}],"wp:attachment":[{"href":"https:\/\/landpensionbocka.de\/en\/wp-json\/wp\/v2\/media?parent=302"}],"curies":[{"name":"wp","href":"https:\/\/api.w.org\/{rel}","templated":true}]}}