{"id":333,"date":"2019-03-15T08:46:40","date_gmt":"2019-03-15T08:46:40","guid":{"rendered":"http:\/\/landpensionbocka.de\/?page_id=333"},"modified":"2019-03-15T09:06:20","modified_gmt":"2019-03-15T09:06:20","slug":"ausflug-freizeit","status":"publish","type":"page","link":"https:\/\/landpensionbocka.de\/en\/ausflug-freizeit\/","title":{"rendered":"Ausflug + Freizeit"},"content":{"rendered":"<div class=\"fw-main-row\" style=\"\" >\r\n\t<div class=\"fw-container\">\r\n\t\t<div class=\"fw-row\">\n\t<div class=\"fw-col-xs-12\">\n\t<div class=\"fw-main-row\"><div class=\"fw-container\"><div class=\"row\"><div class=\"fw-row placer-top\"><div class=\"fw-col-xs-12 fw-col-sm-8\"><div class=\"text-content ausflug-desc\">Nach Altenburg und Umgebung lohnen sich erlebnisreiche und interessante Tagesausfl\u00fcge wie zum Beispiel:<br \/>- Inselzoo<br \/>- Schloss Altenburg und das Spielkartenmuseum<br \/>- Burg Posterstein<br \/>- Burg Gnandstein<br \/>Au\u00dferdem findet im August j\u00e4hrlich das Bulldoc Treffen im Berger Hof hier in Bocka statt.<\/div><div class=\"ausflug\">Ihr Experte und unsere klare Empfehlung f\u00fcr und um Altenburg sind die Altenburger Tourismus Expteren\u00a0der\u00a0<a href=\"http:\/\/www.altenburg-tourismus.de\/\" target=\"_blank\" rel=\"noopener\">ATI<\/a>\u00a0und von <a href=\"http:\/\/www.altenburg-tourismus.de\/\" target=\"_blank\" rel=\"noopener\">Altenburg Travel<\/a>.<\/div><\/div><div class=\"fw-col-xs-12 fw-col-sm-4\"><img decoding=\"async\" class=\"img-repsonsive\" src=\"http:\/\/landpensionbocka.de\/wp-content\/uploads\/2019\/03\/fh_aussen2.jpg\" alt=\"http:\/\/landpensionbocka.de\/wp-content\/uploads\/2019\/03\/fh_whg_13-300x200.jpg\" \/><\/div><\/div><\/div><\/div><\/div><\/div>\n<\/div>\n\n\t<\/div>\r\n<\/div>","protected":false},"excerpt":{"rendered":"<p>Nach Altenburg und Umgebung lohnen sich erlebnisreiche und interessante Tagesausfl\u00fcge wie zum Beispiel:- Inselzoo- Schloss Altenburg und das Spielkartenmuseum- Burg Posterstein- Burg GnandsteinAu\u00dferdem findet im August j\u00e4hrlich das Bulldoc Treffen im Berger Hof hier in Bocka statt.Ihr Experte und unsere klare Empfehlung f\u00fcr und um Altenburg sind die Altenburger Tourismus Expteren\u00a0der\u00a0ATI\u00a0und von Altenburg Travel.<\/p>","protected":false},"author":1,"featured_media":0,"parent":0,"menu_order":0,"comment_status":"closed","ping_status":"closed","template":"","meta":{"footnotes":""},"class_list":["post-333","page","type-page","status-publish","hentry"],"yoast_head":"<!-- This site is optimized with the Yoast SEO plugin v26.9 - https:\/\/yoast.com\/product\/yoast-seo-wordpress\/ -->\n<title>Ausflug + Freizeit - Landpension Bocka<\/title>\n<meta name=\"robots\" content=\"index, follow, max-snippet:-1, max-image-preview:large, max-video-preview:-1\" \/>\n<link rel=\"canonical\" href=\"https:\/\/landpensionbocka.de\/en\/ausflug-freizeit\/\" \/>\n<meta property=\"og:locale\" content=\"en_GB\" \/>\n<meta property=\"og:type\" content=\"article\" \/>\n<meta property=\"og:title\" content=\"Ausflug + Freizeit - Landpension Bocka\" \/>\n<meta property=\"og:description\" content=\"Nach Altenburg und Umgebung lohnen sich erlebnisreiche und interessante Tagesausfl\u00fcge wie zum Beispiel:- Inselzoo- Schloss Altenburg und das Spielkartenmuseum- Burg Posterstein- Burg GnandsteinAu\u00dferdem findet im August j\u00e4hrlich das Bulldoc Treffen im Berger Hof hier in Bocka statt.Ihr Experte und unsere klare Empfehlung f\u00fcr und um Altenburg sind die Altenburger Tourismus Expteren\u00a0der\u00a0ATI\u00a0und von Altenburg Travel.\" \/>\n<meta property=\"og:url\" content=\"https:\/\/landpensionbocka.de\/en\/ausflug-freizeit\/\" \/>\n<meta property=\"og:site_name\" content=\"Landpension Bocka\" \/>\n<meta property=\"article:modified_time\" content=\"2019-03-15T09:06:20+00:00\" \/>\n<meta property=\"og:image\" content=\"http:\/\/landpensionbocka.de\/wp-content\/uploads\/2019\/03\/fh_aussen2.jpg\" \/>\n<meta name=\"twitter:card\" content=\"summary_large_image\" \/>\n<script type=\"application\/ld+json\" class=\"yoast-schema-graph\">{\"@context\":\"https:\/\/schema.org\",\"@graph\":[{\"@type\":\"WebPage\",\"@id\":\"https:\/\/landpensionbocka.de\/ausflug-freizeit\/\",\"url\":\"https:\/\/landpensionbocka.de\/ausflug-freizeit\/\",\"name\":\"Ausflug + Freizeit - Landpension Bocka\",\"isPartOf\":{\"@id\":\"https:\/\/landpensionbocka.de\/#website\"},\"primaryImageOfPage\":{\"@id\":\"https:\/\/landpensionbocka.de\/ausflug-freizeit\/#primaryimage\"},\"image\":{\"@id\":\"https:\/\/landpensionbocka.de\/ausflug-freizeit\/#primaryimage\"},\"thumbnailUrl\":\"http:\/\/landpensionbocka.de\/wp-content\/uploads\/2019\/03\/fh_aussen2.jpg\",\"datePublished\":\"2019-03-15T08:46:40+00:00\",\"dateModified\":\"2019-03-15T09:06:20+00:00\",\"breadcrumb\":{\"@id\":\"https:\/\/landpensionbocka.de\/ausflug-freizeit\/#breadcrumb\"},\"inLanguage\":\"en-GB\",\"potentialAction\":[{\"@type\":\"ReadAction\",\"target\":[\"https:\/\/landpensionbocka.de\/ausflug-freizeit\/\"]}]},{\"@type\":\"ImageObject\",\"inLanguage\":\"en-GB\",\"@id\":\"https:\/\/landpensionbocka.de\/ausflug-freizeit\/#primaryimage\",\"url\":\"http:\/\/landpensionbocka.de\/wp-content\/uploads\/2019\/03\/fh_aussen2.jpg\",\"contentUrl\":\"http:\/\/landpensionbocka.de\/wp-content\/uploads\/2019\/03\/fh_aussen2.jpg\"},{\"@type\":\"BreadcrumbList\",\"@id\":\"https:\/\/landpensionbocka.de\/ausflug-freizeit\/#breadcrumb\",\"itemListElement\":[{\"@type\":\"ListItem\",\"position\":1,\"name\":\"Startseite\",\"item\":\"https:\/\/landpensionbocka.de\/\"},{\"@type\":\"ListItem\",\"position\":2,\"name\":\"Ausflug + Freizeit\"}]},{\"@type\":\"WebSite\",\"@id\":\"https:\/\/landpensionbocka.de\/#website\",\"url\":\"https:\/\/landpensionbocka.de\/\",\"name\":\"Landpension Bocka\",\"description\":\"Entspannen Sie bei gem\u00fctlichen Ambiente im Altenburger Land.\",\"potentialAction\":[{\"@type\":\"SearchAction\",\"target\":{\"@type\":\"EntryPoint\",\"urlTemplate\":\"https:\/\/landpensionbocka.de\/?s={search_term_string}\"},\"query-input\":{\"@type\":\"PropertyValueSpecification\",\"valueRequired\":true,\"valueName\":\"search_term_string\"}}],\"inLanguage\":\"en-GB\"}]}<\/script>\n<!-- \/ Yoast SEO plugin. -->","yoast_head_json":{"title":"Ausflug + Freizeit - Landpension Bocka","robots":{"index":"index","follow":"follow","max-snippet":"max-snippet:-1","max-image-preview":"max-image-preview:large","max-video-preview":"max-video-preview:-1"},"canonical":"https:\/\/landpensionbocka.de\/en\/ausflug-freizeit\/","og_locale":"en_GB","og_type":"article","og_title":"Ausflug + Freizeit - Landpension Bocka","og_description":"Nach Altenburg und Umgebung lohnen sich erlebnisreiche und interessante Tagesausfl\u00fcge wie zum Beispiel:- Inselzoo- Schloss Altenburg und das Spielkartenmuseum- Burg Posterstein- Burg GnandsteinAu\u00dferdem findet im August j\u00e4hrlich das Bulldoc Treffen im Berger Hof hier in Bocka statt.Ihr Experte und unsere klare Empfehlung f\u00fcr und um Altenburg sind die Altenburger Tourismus Expteren\u00a0der\u00a0ATI\u00a0und von Altenburg Travel.","og_url":"https:\/\/landpensionbocka.de\/en\/ausflug-freizeit\/","og_site_name":"Landpension Bocka","article_modified_time":"2019-03-15T09:06:20+00:00","og_image":[{"url":"http:\/\/landpensionbocka.de\/wp-content\/uploads\/2019\/03\/fh_aussen2.jpg","type":"","width":"","height":""}],"twitter_card":"summary_large_image","schema":{"@context":"https:\/\/schema.org","@graph":[{"@type":"WebPage","@id":"https:\/\/landpensionbocka.de\/ausflug-freizeit\/","url":"https:\/\/landpensionbocka.de\/ausflug-freizeit\/","name":"Ausflug + Freizeit - Landpension Bocka","isPartOf":{"@id":"https:\/\/landpensionbocka.de\/#website"},"primaryImageOfPage":{"@id":"https:\/\/landpensionbocka.de\/ausflug-freizeit\/#primaryimage"},"image":{"@id":"https:\/\/landpensionbocka.de\/ausflug-freizeit\/#primaryimage"},"thumbnailUrl":"http:\/\/landpensionbocka.de\/wp-content\/uploads\/2019\/03\/fh_aussen2.jpg","datePublished":"2019-03-15T08:46:40+00:00","dateModified":"2019-03-15T09:06:20+00:00","breadcrumb":{"@id":"https:\/\/landpensionbocka.de\/ausflug-freizeit\/#breadcrumb"},"inLanguage":"en-GB","potentialAction":[{"@type":"ReadAction","target":["https:\/\/landpensionbocka.de\/ausflug-freizeit\/"]}]},{"@type":"ImageObject","inLanguage":"en-GB","@id":"https:\/\/landpensionbocka.de\/ausflug-freizeit\/#primaryimage","url":"http:\/\/landpensionbocka.de\/wp-content\/uploads\/2019\/03\/fh_aussen2.jpg","contentUrl":"http:\/\/landpensionbocka.de\/wp-content\/uploads\/2019\/03\/fh_aussen2.jpg"},{"@type":"BreadcrumbList","@id":"https:\/\/landpensionbocka.de\/ausflug-freizeit\/#breadcrumb","itemListElement":[{"@type":"ListItem","position":1,"name":"Startseite","item":"https:\/\/landpensionbocka.de\/"},{"@type":"ListItem","position":2,"name":"Ausflug + Freizeit"}]},{"@type":"WebSite","@id":"https:\/\/landpensionbocka.de\/#website","url":"https:\/\/landpensionbocka.de\/","name":"Landpension Bocka","description":"Entspannen Sie bei gem\u00fctlichen Ambiente im Altenburger Land.","potentialAction":[{"@type":"SearchAction","target":{"@type":"EntryPoint","urlTemplate":"https:\/\/landpensionbocka.de\/?s={search_term_string}"},"query-input":{"@type":"PropertyValueSpecification","valueRequired":true,"valueName":"search_term_string"}}],"inLanguage":"en-GB"}]}},"brizy_media":[],"_links":{"self":[{"href":"https:\/\/landpensionbocka.de\/en\/wp-json\/wp\/v2\/pages\/333","targetHints":{"allow":["GET"]}}],"collection":[{"href":"https:\/\/landpensionbocka.de\/en\/wp-json\/wp\/v2\/pages"}],"about":[{"href":"https:\/\/landpensionbocka.de\/en\/wp-json\/wp\/v2\/types\/page"}],"author":[{"embeddable":true,"href":"https:\/\/landpensionbocka.de\/en\/wp-json\/wp\/v2\/users\/1"}],"replies":[{"embeddable":true,"href":"https:\/\/landpensionbocka.de\/en\/wp-json\/wp\/v2\/comments?post=333"}],"version-history":[{"count":11,"href":"https:\/\/landpensionbocka.de\/en\/wp-json\/wp\/v2\/pages\/333\/revisions"}],"predecessor-version":[{"id":349,"href":"https:\/\/landpensionbocka.de\/en\/wp-json\/wp\/v2\/pages\/333\/revisions\/349"}],"wp:attachment":[{"href":"https:\/\/landpensionbocka.de\/en\/wp-json\/wp\/v2\/media?parent=333"}],"curies":[{"name":"wp","href":"https:\/\/api.w.org\/{rel}","templated":true}]}}