{"id":9,"date":"2019-03-06T10:48:19","date_gmt":"2019-03-06T10:48:19","guid":{"rendered":"http:\/\/landpensionbocka.de\/?page_id=9"},"modified":"2019-03-08T13:39:50","modified_gmt":"2019-03-08T13:39:50","slug":"impressum","status":"publish","type":"page","link":"https:\/\/landpensionbocka.de\/en\/impressum\/","title":{"rendered":"Impressum"},"content":{"rendered":"<div class=\"fw-main-row\" style=\"\" >\r\n\t<div class=\"fw-container\">\r\n\t\t<div class=\"fw-row\">\n\t<div class=\"fw-col-xs-12\">\n\t<h2>Impressum<\/h2><p>Landpension Bocka<br \/>Inhaber: Wolfram Kreutzer<br \/>Schmiedegasse 1<br \/>04603 Windischleuba OT Bocka<\/p><p>Telefon: 03447 849319<br \/>Mobil: 0179 6785630<\/p><p>Mail: info@kreutzer-zimmervermietung.de<br \/>Internet: www.landpensionbocka.de<\/p><p>Haftungshinweis: Trotz sorgf\u00e4ltiger inhaltlicher Kontrolle \u00fcbernehmen wir keine Haftung f\u00fcr die Inhalte externer Links. F\u00fcr den Inhalt der verlinkten Seiten sind ausschlie\u00dflich deren Betreiber verantwortlich.<\/p><h3>Alternative Streitbeilegung gem\u00e4\u00df Art. 14 Abs. 1 ODR-VO und \u00a7 36 VSBG:<\/h3><p>Die Europ\u00e4ische Kommission stellt eine Plattform zur Online-Streitbeilegung (OS) bereit, die du unter\u00a0<a href=\"https:\/\/ec.europa.eu\/consumers\/odr\" target=\"_blank\" rel=\"noopener\">https:\/\/ec.europa.eu\/consumers\/odr<\/a>\u00a0findest. Zur Teilnahme an einem Streitbeilegungsverfahren vor einer Verbraucherschlichtungsstelle sind wir nicht verpflichtet und nicht bereit.<\/p><\/div>\n<\/div>\n\n\t<\/div>\r\n<\/div>","protected":false},"excerpt":{"rendered":"<p>ImpressumLandpension BockaInhaber: Wolfram KreutzerSchmiedegasse 104603 Windischleuba OT BockaTelefon: 03447 849319Mobil: 0179 6785630Mail: info@kreutzer-zimmervermietung.deInternet: www.landpensionbocka.deHaftungshinweis: Trotz sorgf\u00e4ltiger inhaltlicher Kontrolle \u00fcbernehmen wir keine Haftung f\u00fcr die Inhalte externer Links. F\u00fcr den Inhalt der verlinkten Seiten sind ausschlie\u00dflich deren Betreiber verantwortlich.Alternative Streitbeilegung gem\u00e4\u00df Art. 14 Abs. 1 ODR-VO und \u00a7 36 VSBG:Die Europ\u00e4ische Kommission stellt eine Plattform zur&#8230; <\/p>\n<p><span class=\"read-more\"><a href=\"https:\/\/landpensionbocka.de\/en\/impressum\/\" class=\"more-link\">Continue Reading <i class=\"fa fa-long-arrow-right\"><\/i><\/a><\/span><\/p>","protected":false},"author":1,"featured_media":0,"parent":0,"menu_order":0,"comment_status":"closed","ping_status":"closed","template":"","meta":{"footnotes":""},"class_list":["post-9","page","type-page","status-publish","hentry"],"yoast_head":"<!-- This site is optimized with the Yoast SEO plugin v26.9 - https:\/\/yoast.com\/product\/yoast-seo-wordpress\/ -->\n<title>Impressum - Landpension Bocka<\/title>\n<meta name=\"robots\" content=\"index, follow, max-snippet:-1, max-image-preview:large, max-video-preview:-1\" \/>\n<link rel=\"canonical\" href=\"https:\/\/landpensionbocka.de\/en\/impressum\/\" \/>\n<meta property=\"og:locale\" content=\"en_GB\" \/>\n<meta property=\"og:type\" content=\"article\" \/>\n<meta property=\"og:title\" content=\"Impressum - Landpension Bocka\" \/>\n<meta property=\"og:description\" content=\"ImpressumLandpension BockaInhaber: Wolfram KreutzerSchmiedegasse 104603 Windischleuba OT BockaTelefon: 03447 849319Mobil: 0179 6785630Mail: info@kreutzer-zimmervermietung.deInternet: www.landpensionbocka.deHaftungshinweis: Trotz sorgf\u00e4ltiger inhaltlicher Kontrolle \u00fcbernehmen wir keine Haftung f\u00fcr die Inhalte externer Links. F\u00fcr den Inhalt der verlinkten Seiten sind ausschlie\u00dflich deren Betreiber verantwortlich.Alternative Streitbeilegung gem\u00e4\u00df Art. 14 Abs. 1 ODR-VO und \u00a7 36 VSBG:Die Europ\u00e4ische Kommission stellt eine Plattform zur... Continue Reading\" \/>\n<meta property=\"og:url\" content=\"https:\/\/landpensionbocka.de\/en\/impressum\/\" \/>\n<meta property=\"og:site_name\" content=\"Landpension Bocka\" \/>\n<meta property=\"article:modified_time\" content=\"2019-03-08T13:39:50+00:00\" \/>\n<meta name=\"twitter:card\" content=\"summary_large_image\" \/>\n<script type=\"application\/ld+json\" class=\"yoast-schema-graph\">{\"@context\":\"https:\/\/schema.org\",\"@graph\":[{\"@type\":\"WebPage\",\"@id\":\"https:\/\/landpensionbocka.de\/impressum\/\",\"url\":\"https:\/\/landpensionbocka.de\/impressum\/\",\"name\":\"Impressum - Landpension Bocka\",\"isPartOf\":{\"@id\":\"https:\/\/landpensionbocka.de\/#website\"},\"datePublished\":\"2019-03-06T10:48:19+00:00\",\"dateModified\":\"2019-03-08T13:39:50+00:00\",\"breadcrumb\":{\"@id\":\"https:\/\/landpensionbocka.de\/impressum\/#breadcrumb\"},\"inLanguage\":\"en-GB\",\"potentialAction\":[{\"@type\":\"ReadAction\",\"target\":[\"https:\/\/landpensionbocka.de\/impressum\/\"]}]},{\"@type\":\"BreadcrumbList\",\"@id\":\"https:\/\/landpensionbocka.de\/impressum\/#breadcrumb\",\"itemListElement\":[{\"@type\":\"ListItem\",\"position\":1,\"name\":\"Startseite\",\"item\":\"https:\/\/landpensionbocka.de\/\"},{\"@type\":\"ListItem\",\"position\":2,\"name\":\"Impressum\"}]},{\"@type\":\"WebSite\",\"@id\":\"https:\/\/landpensionbocka.de\/#website\",\"url\":\"https:\/\/landpensionbocka.de\/\",\"name\":\"Landpension Bocka\",\"description\":\"Entspannen Sie bei gem\u00fctlichen Ambiente im Altenburger Land.\",\"potentialAction\":[{\"@type\":\"SearchAction\",\"target\":{\"@type\":\"EntryPoint\",\"urlTemplate\":\"https:\/\/landpensionbocka.de\/?s={search_term_string}\"},\"query-input\":{\"@type\":\"PropertyValueSpecification\",\"valueRequired\":true,\"valueName\":\"search_term_string\"}}],\"inLanguage\":\"en-GB\"}]}<\/script>\n<!-- \/ Yoast SEO plugin. -->","yoast_head_json":{"title":"Impressum - Landpension Bocka","robots":{"index":"index","follow":"follow","max-snippet":"max-snippet:-1","max-image-preview":"max-image-preview:large","max-video-preview":"max-video-preview:-1"},"canonical":"https:\/\/landpensionbocka.de\/en\/impressum\/","og_locale":"en_GB","og_type":"article","og_title":"Impressum - Landpension Bocka","og_description":"ImpressumLandpension BockaInhaber: Wolfram KreutzerSchmiedegasse 104603 Windischleuba OT BockaTelefon: 03447 849319Mobil: 0179 6785630Mail: info@kreutzer-zimmervermietung.deInternet: www.landpensionbocka.deHaftungshinweis: Trotz sorgf\u00e4ltiger inhaltlicher Kontrolle \u00fcbernehmen wir keine Haftung f\u00fcr die Inhalte externer Links. F\u00fcr den Inhalt der verlinkten Seiten sind ausschlie\u00dflich deren Betreiber verantwortlich.Alternative Streitbeilegung gem\u00e4\u00df Art. 14 Abs. 1 ODR-VO und \u00a7 36 VSBG:Die Europ\u00e4ische Kommission stellt eine Plattform zur... Continue Reading","og_url":"https:\/\/landpensionbocka.de\/en\/impressum\/","og_site_name":"Landpension Bocka","article_modified_time":"2019-03-08T13:39:50+00:00","twitter_card":"summary_large_image","schema":{"@context":"https:\/\/schema.org","@graph":[{"@type":"WebPage","@id":"https:\/\/landpensionbocka.de\/impressum\/","url":"https:\/\/landpensionbocka.de\/impressum\/","name":"Impressum - Landpension Bocka","isPartOf":{"@id":"https:\/\/landpensionbocka.de\/#website"},"datePublished":"2019-03-06T10:48:19+00:00","dateModified":"2019-03-08T13:39:50+00:00","breadcrumb":{"@id":"https:\/\/landpensionbocka.de\/impressum\/#breadcrumb"},"inLanguage":"en-GB","potentialAction":[{"@type":"ReadAction","target":["https:\/\/landpensionbocka.de\/impressum\/"]}]},{"@type":"BreadcrumbList","@id":"https:\/\/landpensionbocka.de\/impressum\/#breadcrumb","itemListElement":[{"@type":"ListItem","position":1,"name":"Startseite","item":"https:\/\/landpensionbocka.de\/"},{"@type":"ListItem","position":2,"name":"Impressum"}]},{"@type":"WebSite","@id":"https:\/\/landpensionbocka.de\/#website","url":"https:\/\/landpensionbocka.de\/","name":"Landpension Bocka","description":"Entspannen Sie bei gem\u00fctlichen Ambiente im Altenburger Land.","potentialAction":[{"@type":"SearchAction","target":{"@type":"EntryPoint","urlTemplate":"https:\/\/landpensionbocka.de\/?s={search_term_string}"},"query-input":{"@type":"PropertyValueSpecification","valueRequired":true,"valueName":"search_term_string"}}],"inLanguage":"en-GB"}]}},"brizy_media":[],"_links":{"self":[{"href":"https:\/\/landpensionbocka.de\/en\/wp-json\/wp\/v2\/pages\/9","targetHints":{"allow":["GET"]}}],"collection":[{"href":"https:\/\/landpensionbocka.de\/en\/wp-json\/wp\/v2\/pages"}],"about":[{"href":"https:\/\/landpensionbocka.de\/en\/wp-json\/wp\/v2\/types\/page"}],"author":[{"embeddable":true,"href":"https:\/\/landpensionbocka.de\/en\/wp-json\/wp\/v2\/users\/1"}],"replies":[{"embeddable":true,"href":"https:\/\/landpensionbocka.de\/en\/wp-json\/wp\/v2\/comments?post=9"}],"version-history":[{"count":5,"href":"https:\/\/landpensionbocka.de\/en\/wp-json\/wp\/v2\/pages\/9\/revisions"}],"predecessor-version":[{"id":273,"href":"https:\/\/landpensionbocka.de\/en\/wp-json\/wp\/v2\/pages\/9\/revisions\/273"}],"wp:attachment":[{"href":"https:\/\/landpensionbocka.de\/en\/wp-json\/wp\/v2\/media?parent=9"}],"curies":[{"name":"wp","href":"https:\/\/api.w.org\/{rel}","templated":true}]}}